{"id":1642,"date":"2026-01-29T10:15:24","date_gmt":"2026-01-29T07:15:24","guid":{"rendered":"https:\/\/ekipdeniz.com\/index.php\/urun\/suzuki-impeller-df90-200-2\/"},"modified":"2026-02-17T21:47:53","modified_gmt":"2026-02-17T18:47:53","slug":"suzuki-impeller-df90-200-2","status":"publish","type":"product","link":"https:\/\/ekipdeniz.com\/index.php\/urun\/suzuki-impeller-df90-200-2\/","title":{"rendered":"Suzuki Impeller DF90\/200"},"content":{"rendered":"<p><strong>Uyumlu Motorlar:<\/strong> Suzuki<\/p>\n<p><strong>Seri No \u00d6n Ekleri (Prefix):<\/strong> nan<\/p>\n<p><em>Not: Seri numaras\u0131 motor modelini belirlemek i\u00e7indir. Baz\u0131 par\u00e7alar \u00fcretim varyant\u0131na g\u00f6re de\u011fi\u015febilir; sipari\u015f \u00f6ncesi \u015fase teyidi \u00f6nerilir.<\/em><\/p>\n","protected":false},"excerpt":{"rendered":"<p>Uyumlu Motorlar: Suzuki Seri No \u00d6n Ekleri (Prefix): nan Not: Seri numaras\u0131 motor modelini belirlemek i\u00e7indir. Baz\u0131 par\u00e7alar \u00fcretim varyant\u0131na g\u00f6re de\u011fi\u015febilir; sipari\u015f \u00f6ncesi \u015fase teyidi<span class=\"excerpt-hellip\"> [\u2026]<\/span><\/p>\n","protected":false},"featured_media":1657,"comment_status":"open","ping_status":"closed","template":"","meta":[],"product_brand":[],"product_cat":[17],"product_tag":[86,87,69,124,70,71],"class_list":{"0":"post-1642","1":"product","2":"type-product","3":"status-publish","4":"has-post-thumbnail","6":"product_cat-genel","7":"product_tag-86","8":"product_tag-87","9":"product_tag-impeller","10":"product_tag-seri_suzuki_dt_2z","11":"product_tag-sogutma","12":"product_tag-water-pump","14":"first","15":"instock","16":"taxable","17":"shipping-taxable","18":"purchasable","19":"product-type-simple"},"aioseo_notices":[],"_links":{"self":[{"href":"https:\/\/ekipdeniz.com\/index.php\/wp-json\/wp\/v2\/product\/1642","targetHints":{"allow":["GET"]}}],"collection":[{"href":"https:\/\/ekipdeniz.com\/index.php\/wp-json\/wp\/v2\/product"}],"about":[{"href":"https:\/\/ekipdeniz.com\/index.php\/wp-json\/wp\/v2\/types\/product"}],"replies":[{"embeddable":true,"href":"https:\/\/ekipdeniz.com\/index.php\/wp-json\/wp\/v2\/comments?post=1642"}],"wp:featuredmedia":[{"embeddable":true,"href":"https:\/\/ekipdeniz.com\/index.php\/wp-json\/wp\/v2\/media\/1657"}],"wp:attachment":[{"href":"https:\/\/ekipdeniz.com\/index.php\/wp-json\/wp\/v2\/media?parent=1642"}],"wp:term":[{"taxonomy":"product_brand","embeddable":true,"href":"https:\/\/ekipdeniz.com\/index.php\/wp-json\/wp\/v2\/product_brand?post=1642"},{"taxonomy":"product_cat","embeddable":true,"href":"https:\/\/ekipdeniz.com\/index.php\/wp-json\/wp\/v2\/product_cat?post=1642"},{"taxonomy":"product_tag","embeddable":true,"href":"https:\/\/ekipdeniz.com\/index.php\/wp-json\/wp\/v2\/product_tag?post=1642"}],"curies":[{"name":"wp","href":"https:\/\/api.w.org\/{rel}","templated":true}]}}